{"id":32,"date":"2014-08-05T18:12:00","date_gmt":"2014-08-05T16:12:00","guid":{"rendered":"http:\/\/www.j-rock-night.de\/wordpress\/?page_id=32"},"modified":"2014-08-13T14:04:36","modified_gmt":"2014-08-13T12:04:36","slug":"anfahrt","status":"publish","type":"page","link":"http:\/\/www.j-rock-night.de\/?page_id=32","title":{"rendered":"Anfahrt"},"content":{"rendered":"<p>Das Konzert am 23. Mai 2014 findet im <strong>evangelischen Gemeindehaus<\/strong> statt.<\/p>\n<p><strong>Kirchgasse 10\/1<\/strong><br \/>\n<strong> 74635 Kupferzell<\/strong><\/p>\n<p>Schon vom Ortseingang aus, kann man die evangelische Kirche sehen. Das Gemeindehaus liegt direkt daneben, unterhalb der Kirche.<\/p>\n<hr \/>\n<p><strong>Anfahrt mit dem Auto<\/strong><\/p>\n<p>Direkt an der <strong>Autobahn A6<\/strong> (Heilbronn-N\u00fcrnberg) gelegen <strong>Ausfahrt 42 Kupferzell<\/strong>, zwei Kilometer auf der B 19 in Richtung Kupferzell fahren und am Wasserturm (gro\u00dfe Werbeaufschrift von reca), ins Dorf reinfahren.<\/p>\n<p><a href=\"http:\/\/www.j-rock-night.de\/wordpress\/wp-content\/uploads\/2014\/08\/lageplan.jpg\"><img loading=\"lazy\" class=\"alignnone wp-image-102 size-full\" src=\"http:\/\/www.j-rock-night.de\/wordpress\/wp-content\/uploads\/2014\/08\/lageplan.jpg\" alt=\"lageplan\" width=\"350\" height=\"294\" srcset=\"http:\/\/www.j-rock-night.de\/wordpress\/wp-content\/uploads\/2014\/08\/lageplan.jpg 350w, http:\/\/www.j-rock-night.de\/wordpress\/wp-content\/uploads\/2014\/08\/lageplan-300x252.jpg 300w\" sizes=\"(max-width: 350px) 100vw, 350px\" \/><\/a><\/p>\n<p><strong>Bus und Bahn<\/strong><\/p>\n<p>Der n\u00e4chstgelegendste Zugbahnhof der Deutschen Bahn befindet sich in <strong>Waldenburg (W\u00fcrtt.)<\/strong>\u00a0auf der Bahnstrecke zwischen Heilbronn und N\u00fcrnberg, von dort sind es noch ca. 7 km bis Kupferzell, die ihr mit dem Bus zur\u00fccklegen k\u00f6nnt. Die Bushaltestelle in Waldenburg befindet sich direkt neben dem Bahnhof der Z\u00fcge. Informationen \u00fcber Abfahrtszeiten der Busse findet ihr unter <a href=\"http:\/\/www.nvh.de\/\" target=\"_blank\">www.nvh.de<\/a> oder direkt <a href=\"http:\/\/www.j-rock-night.de\/info\/L07_21-24.pdf\" target=\"_blank\">hier bei der Buslinie 7<\/a><\/p>\n<p><a href=\"http:\/\/www.j-rock-night.de\/wordpress\/wp-content\/uploads\/2014\/08\/OrtsplanHalle.jpg\"><img loading=\"lazy\" class=\"alignnone wp-image-101 size-full\" src=\"http:\/\/www.j-rock-night.de\/wordpress\/wp-content\/uploads\/2014\/08\/OrtsplanHalle.jpg\" alt=\"OrtsplanHalle\" width=\"540\" height=\"540\" srcset=\"http:\/\/www.j-rock-night.de\/wordpress\/wp-content\/uploads\/2014\/08\/OrtsplanHalle.jpg 540w, http:\/\/www.j-rock-night.de\/wordpress\/wp-content\/uploads\/2014\/08\/OrtsplanHalle-150x150.jpg 150w, http:\/\/www.j-rock-night.de\/wordpress\/wp-content\/uploads\/2014\/08\/OrtsplanHalle-300x300.jpg 300w\" sizes=\"(max-width: 540px) 100vw, 540px\" \/><\/a><\/p>\n","protected":false},"excerpt":{"rendered":"<p>Das Konzert am 23. Mai 2014 findet im evangelischen Gemeindehaus statt. Kirchgasse 10\/1 74635 Kupferzell Schon vom Ortseingang aus, kann man die evangelische Kirche sehen. Das Gemeindehaus liegt direkt daneben, unterhalb der Kirche. Anfahrt mit dem Auto Direkt an der Autobahn A6 (Heilbronn-N\u00fcrnberg) gelegen Ausfahrt 42 Kupferzell, zwei Kilometer auf der B 19 in Richtung [&hellip;]<\/p>\n","protected":false},"author":1,"featured_media":0,"parent":0,"menu_order":6,"comment_status":"closed","ping_status":"closed","template":"","meta":[],"wppr_data":[],"_links":{"self":[{"href":"http:\/\/www.j-rock-night.de\/index.php?rest_route=\/wp\/v2\/pages\/32"}],"collection":[{"href":"http:\/\/www.j-rock-night.de\/index.php?rest_route=\/wp\/v2\/pages"}],"about":[{"href":"http:\/\/www.j-rock-night.de\/index.php?rest_route=\/wp\/v2\/types\/page"}],"author":[{"embeddable":true,"href":"http:\/\/www.j-rock-night.de\/index.php?rest_route=\/wp\/v2\/users\/1"}],"replies":[{"embeddable":true,"href":"http:\/\/www.j-rock-night.de\/index.php?rest_route=%2Fwp%2Fv2%2Fcomments&post=32"}],"version-history":[{"count":4,"href":"http:\/\/www.j-rock-night.de\/index.php?rest_route=\/wp\/v2\/pages\/32\/revisions"}],"predecessor-version":[{"id":103,"href":"http:\/\/www.j-rock-night.de\/index.php?rest_route=\/wp\/v2\/pages\/32\/revisions\/103"}],"wp:attachment":[{"href":"http:\/\/www.j-rock-night.de\/index.php?rest_route=%2Fwp%2Fv2%2Fmedia&parent=32"}],"curies":[{"name":"wp","href":"https:\/\/api.w.org\/{rel}","templated":true}]}}