{"id":35,"date":"2014-08-05T18:12:58","date_gmt":"2014-08-05T16:12:58","guid":{"rendered":"http:\/\/www.j-rock-night.de\/wordpress\/?page_id=35"},"modified":"2014-08-13T14:04:50","modified_gmt":"2014-08-13T12:04:50","slug":"veranstaler","status":"publish","type":"page","link":"http:\/\/www.j-rock-night.de\/?page_id=35","title":{"rendered":"Veranstalter"},"content":{"rendered":"<p><a href=\"http:\/\/www.j-rock-night.de\/wordpress\/wp-content\/uploads\/2014\/08\/evKirchengemeinde.jpg\"><img loading=\"lazy\" class=\"alignnone size-full wp-image-105\" src=\"http:\/\/www.j-rock-night.de\/wordpress\/wp-content\/uploads\/2014\/08\/evKirchengemeinde.jpg\" alt=\"evKirchengemeinde\" width=\"203\" height=\"118\" \/><\/a><\/p>\n<p>Evang. Kirchengemeinde Kupferzell<br \/>\nKirchgasse 10<br \/>\n74635 Kupferzell<br \/>\nTel.: 07944\/950170<br \/>\nFax.: 07944\/950171<\/p>\n<p>f\u00fcr Fragen oder Infos rund um die J-Rock-Night:<\/p>\n<p>Mail: <a href=\"mailto:orga@j-rock-night.de\">orga@j-rock-night.de<\/a><\/p>\n<hr \/>\n<p>Wir freuen uns wieder \u00fcber die gute Kooperation mit dem<br \/>\n<strong>Jugendreferat der b\u00fcrgerlichen Gemeinde Kupferzell<\/strong> und dem Jugendreferenten Sigvard Lenz.<\/p>\n<p><a href=\"http:\/\/www.j-rock-night.de\/wordpress\/wp-content\/uploads\/2014\/08\/jugendreferat.jpg\"><img loading=\"lazy\" class=\"alignnone size-full wp-image-104\" src=\"http:\/\/www.j-rock-night.de\/wordpress\/wp-content\/uploads\/2014\/08\/jugendreferat.jpg\" alt=\"jugendreferat\" width=\"236\" height=\"118\" \/><\/a><\/p>\n<p>&nbsp;<\/p>\n<p>Von Beginn an wurde die J-Rock-Night vom<\/p>\n<p><strong>F\u00f6rderverein Kinder- und Jugendinitiative Kupferzell e.V. Impuls<\/strong> tatkr\u00e4ftig unterst\u00fctzt.<\/p>\n<p><a href=\"http:\/\/www.j-rock-night.de\/wordpress\/wp-content\/uploads\/2014\/08\/impuls.jpg\"><img loading=\"lazy\" class=\"alignnone size-full wp-image-107\" src=\"http:\/\/www.j-rock-night.de\/wordpress\/wp-content\/uploads\/2014\/08\/impuls.jpg\" alt=\"impuls\" width=\"150\" height=\"64\" \/><\/a><\/p>\n","protected":false},"excerpt":{"rendered":"<p>Evang. Kirchengemeinde Kupferzell Kirchgasse 10 74635 Kupferzell Tel.: 07944\/950170 Fax.: 07944\/950171 f\u00fcr Fragen oder Infos rund um die J-Rock-Night: Mail: orga@j-rock-night.de Wir freuen uns wieder \u00fcber die gute Kooperation mit dem Jugendreferat der b\u00fcrgerlichen Gemeinde Kupferzell und dem Jugendreferenten Sigvard Lenz. &nbsp; Von Beginn an wurde die J-Rock-Night vom F\u00f6rderverein Kinder- und Jugendinitiative Kupferzell e.V. [&hellip;]<\/p>\n","protected":false},"author":1,"featured_media":0,"parent":0,"menu_order":7,"comment_status":"closed","ping_status":"closed","template":"","meta":[],"wppr_data":[],"_links":{"self":[{"href":"http:\/\/www.j-rock-night.de\/index.php?rest_route=\/wp\/v2\/pages\/35"}],"collection":[{"href":"http:\/\/www.j-rock-night.de\/index.php?rest_route=\/wp\/v2\/pages"}],"about":[{"href":"http:\/\/www.j-rock-night.de\/index.php?rest_route=\/wp\/v2\/types\/page"}],"author":[{"embeddable":true,"href":"http:\/\/www.j-rock-night.de\/index.php?rest_route=\/wp\/v2\/users\/1"}],"replies":[{"embeddable":true,"href":"http:\/\/www.j-rock-night.de\/index.php?rest_route=%2Fwp%2Fv2%2Fcomments&post=35"}],"version-history":[{"count":5,"href":"http:\/\/www.j-rock-night.de\/index.php?rest_route=\/wp\/v2\/pages\/35\/revisions"}],"predecessor-version":[{"id":109,"href":"http:\/\/www.j-rock-night.de\/index.php?rest_route=\/wp\/v2\/pages\/35\/revisions\/109"}],"wp:attachment":[{"href":"http:\/\/www.j-rock-night.de\/index.php?rest_route=%2Fwp%2Fv2%2Fmedia&parent=35"}],"curies":[{"name":"wp","href":"https:\/\/api.w.org\/{rel}","templated":true}]}}