{"id":38,"date":"2014-08-05T18:13:43","date_gmt":"2014-08-05T16:13:43","guid":{"rendered":"http:\/\/www.j-rock-night.de\/wordpress\/?page_id=38"},"modified":"2018-04-04T21:34:27","modified_gmt":"2018-04-04T19:34:27","slug":"sponsoren","status":"publish","type":"page","link":"http:\/\/www.j-rock-night.de\/?page_id=38","title":{"rendered":"Sponsoren"},"content":{"rendered":"<p>&nbsp;<\/p>\n<p><strong>Vielen Dank an unsere Sponsoren f\u00fcr die Unterst\u00fctzung!<\/strong><\/p>\n<p>Wir freuen uns auch im Jahr 2014 wieder \u00fcber Spenden und Unterst\u00fctzung, ohne die solch ein Event nicht m\u00f6glich w\u00e4re.<\/p>\n<p>_____________________________________________________<\/p>\n<p>Die J-Rock-Night wird unterst\u00fctzt von:<\/p>\n<p><a href=\"http:\/\/www.j-rock-night.de\/wordpress\/wp-content\/uploads\/2014\/08\/allianz2.jpg\"><img loading=\"lazy\" class=\"alignnone size-medium wp-image-112\" src=\"http:\/\/www.j-rock-night.de\/wordpress\/wp-content\/uploads\/2014\/08\/allianz2-294x300.jpg\" alt=\"JL_90_ich_4c.qxp\" width=\"294\" height=\"300\" srcset=\"http:\/\/www.j-rock-night.de\/wordpress\/wp-content\/uploads\/2014\/08\/allianz2-294x300.jpg 294w, http:\/\/www.j-rock-night.de\/wordpress\/wp-content\/uploads\/2014\/08\/allianz2.jpg 350w\" sizes=\"(max-width: 294px) 100vw, 294px\" \/><\/a><\/p>\n<p><img loading=\"lazy\" class=\"alignnone size-medium wp-image-114\" src=\"http:\/\/www.j-rock-night.de\/wordpress\/wp-content\/uploads\/2014\/08\/Sponsoren-Logo-quer-300x214.jpg\" alt=\"untitled\" width=\"300\" height=\"214\" srcset=\"http:\/\/www.j-rock-night.de\/wordpress\/wp-content\/uploads\/2014\/08\/Sponsoren-Logo-quer-300x214.jpg 300w, http:\/\/www.j-rock-night.de\/wordpress\/wp-content\/uploads\/2014\/08\/Sponsoren-Logo-quer.jpg 413w\" sizes=\"(max-width: 300px) 100vw, 300px\" \/><\/p>\n<p><a href=\"http:\/\/www.j-rock-night.de\/wordpress\/wp-content\/uploads\/2014\/08\/S_I1Hoh_WR_3c_0.jpg\"><img loading=\"lazy\" class=\"alignnone size-medium wp-image-113\" src=\"http:\/\/www.j-rock-night.de\/wordpress\/wp-content\/uploads\/2014\/08\/S_I1Hoh_WR_3c_0-300x119.jpg\" alt=\"S_I1Hoh_WR_3c_0\" width=\"300\" height=\"119\" srcset=\"http:\/\/www.j-rock-night.de\/wordpress\/wp-content\/uploads\/2014\/08\/S_I1Hoh_WR_3c_0-300x119.jpg 300w, http:\/\/www.j-rock-night.de\/wordpress\/wp-content\/uploads\/2014\/08\/S_I1Hoh_WR_3c_0.jpg 591w\" sizes=\"(max-width: 300px) 100vw, 300px\" \/><\/a><\/p>\n<p><a href=\"http:\/\/www.j-rock-night.de\/wordpress\/wp-content\/uploads\/2014\/08\/Stauch_Bau_Logo.jpg\"><img loading=\"lazy\" class=\"alignnone size-medium wp-image-115\" src=\"http:\/\/www.j-rock-night.de\/wordpress\/wp-content\/uploads\/2014\/08\/Stauch_Bau_Logo-300x124.jpg\" alt=\"Stauch_Bau_Logo\" width=\"300\" height=\"124\" srcset=\"http:\/\/www.j-rock-night.de\/wordpress\/wp-content\/uploads\/2014\/08\/Stauch_Bau_Logo-300x124.jpg 300w, http:\/\/www.j-rock-night.de\/wordpress\/wp-content\/uploads\/2014\/08\/Stauch_Bau_Logo-1024x424.jpg 1024w, http:\/\/www.j-rock-night.de\/wordpress\/wp-content\/uploads\/2014\/08\/Stauch_Bau_Logo.jpg 1181w\" sizes=\"(max-width: 300px) 100vw, 300px\" \/><\/a><\/p>\n","protected":false},"excerpt":{"rendered":"<p>&nbsp; Vielen Dank an unsere Sponsoren f\u00fcr die Unterst\u00fctzung! Wir freuen uns auch im Jahr 2014 wieder \u00fcber Spenden und Unterst\u00fctzung, ohne die solch ein Event nicht m\u00f6glich w\u00e4re. _____________________________________________________ Die J-Rock-Night wird unterst\u00fctzt von:<\/p>\n","protected":false},"author":1,"featured_media":0,"parent":0,"menu_order":8,"comment_status":"closed","ping_status":"closed","template":"","meta":[],"wppr_data":[],"_links":{"self":[{"href":"http:\/\/www.j-rock-night.de\/index.php?rest_route=\/wp\/v2\/pages\/38"}],"collection":[{"href":"http:\/\/www.j-rock-night.de\/index.php?rest_route=\/wp\/v2\/pages"}],"about":[{"href":"http:\/\/www.j-rock-night.de\/index.php?rest_route=\/wp\/v2\/types\/page"}],"author":[{"embeddable":true,"href":"http:\/\/www.j-rock-night.de\/index.php?rest_route=\/wp\/v2\/users\/1"}],"replies":[{"embeddable":true,"href":"http:\/\/www.j-rock-night.de\/index.php?rest_route=%2Fwp%2Fv2%2Fcomments&post=38"}],"version-history":[{"count":4,"href":"http:\/\/www.j-rock-night.de\/index.php?rest_route=\/wp\/v2\/pages\/38\/revisions"}],"predecessor-version":[{"id":1027,"href":"http:\/\/www.j-rock-night.de\/index.php?rest_route=\/wp\/v2\/pages\/38\/revisions\/1027"}],"wp:attachment":[{"href":"http:\/\/www.j-rock-night.de\/index.php?rest_route=%2Fwp%2Fv2%2Fmedia&parent=38"}],"curies":[{"name":"wp","href":"https:\/\/api.w.org\/{rel}","templated":true}]}}