{"id":46,"date":"2014-08-05T18:16:02","date_gmt":"2014-08-05T16:16:02","guid":{"rendered":"http:\/\/www.j-rock-night.de\/wordpress\/?page_id=46"},"modified":"2014-08-23T16:11:12","modified_gmt":"2014-08-23T14:11:12","slug":"impressum","status":"publish","type":"page","link":"http:\/\/www.j-rock-night.de\/?page_id=46","title":{"rendered":"Impressum"},"content":{"rendered":"<p><strong>Verantwortlich im Sinne des \u00a7 10 MdStV:<\/strong><\/p>\n<p><strong>Dorothea F\u00e4rber<\/strong><br \/>\n<strong> Im Mehl 11<\/strong><br \/>\n<strong> 74635 Kupferzell<\/strong><\/p>\n<p><a href=\"mailto:webmaster@j-rock-night.de\"><strong>webmaster@j-rock-night.de<\/strong><\/a><\/p>\n<p><strong><br \/>\n(1) Haftungsbeschr\u00e4nkung<\/strong><\/p>\n<p><em>Inhalte dieser Website<\/em><br \/>\nDie Inhalte dieser Website werden mit gr\u00f6\u00dftm\u00f6glicher Sorgfalt erstellt. Der Anbieter \u00fcbernimmt jedoch keine Gew\u00e4hr f\u00fcr die Richtigkeit, Vollst\u00e4ndigkeit und Aktualit\u00e4t der bereitgestellten Inhalte. Die Nutzung der abrufbaren Inhalte erfolgt auf eigene Gefahr des Nutzers. Namentlich gekennzeichnete Beitr\u00e4ge geben die Meinung des jeweiligen Autors und nicht immer die Meinung des Anbieters wieder. <em>Verf\u00fcgbarkeit der Website<\/em><br \/>\nDer Anbieter wird sich bem\u00fchen, den Dienst m\u00f6glichst unterbrechungsfrei zum Abruf anzubieten. Auch bei aller Sorgfalt k\u00f6nnen aber Ausfallzeiten nicht ausgeschlossen werden. Der Anbieter beh\u00e4lt sich das Recht vor, sein Angebot jederzeit zu \u00e4ndern oder einzustellen.<\/p>\n<p><em>Externe Links<\/em><br \/>\nDiese Website enth\u00e4lt Verkn\u00fcpfungen zu Websites Dritter (&#8222;externe Links&#8220;). Diese Websites unterliegen der Haftung der jeweiligen Betreiber. Der Anbieter hat bei der erstmaligen Verkn\u00fcpfung der externen Links die fremden Inhalte daraufhin \u00fcberpr\u00fcft, ob etwaige Rechtsverst\u00f6\u00dfe bestehen. Zu dem Zeitpunkt waren keine Rechtsverst\u00f6\u00dfe ersichtlich. Der Anbieter hat keinerlei Einfluss auf die aktuelle und zuk\u00fcnftige Gestaltung und auf die Inhalte der verkn\u00fcpften Seiten. Das Setzen von externen Links bedeutet nicht, dass sich der Anbieter die hinter dem Verweis oder Link liegenden Inhalte zu Eigen macht. Eine st\u00e4ndige Kontrolle dieser externen Links ist f\u00fcr den Anbieter ohne konkrete Hinweise auf Rechtsverst\u00f6\u00dfe nicht zumutbar. Bei Kenntnis von Rechtsverst\u00f6\u00dfen werden jedoch derartige externe Links unverz\u00fcglich gel\u00f6scht.<\/p>\n<p><em>Werbeanzeigen<\/em><br \/>\nF\u00fcr den Inhalt der Werbeanzeigen ist der jeweilige Autor verantwortlich, ebenso wie f\u00fcr den Inhalt der beworbenen Website. Die Darstellung der Werbeanzeige stellt keine Akzeptanz durch den Anbieter dar.<\/p>\n<p><strong>(2) Urheberrecht<\/strong><br \/>\nDie auf dieser Website ver\u00f6ffentlichten Inhalte und Werke sind urheberrechtlich gesch\u00fctzt. Jede vom deutschen Urheberrecht nicht zugelassene Verwertung bedarf der vorherigen schriftlichen Zustimmung des jeweiligen Autors oder Urhebers. Dies gilt insbesondere f\u00fcr Vervielf\u00e4ltigung, Bearbeitung, \u00dcbersetzung, Einspeicherung, Verarbeitung bzw. Wiedergabe von Inhalten in Datenbanken oder anderen elektronischen Medien und Systemen.<br \/>\nInhalte und Beitr\u00e4ge Dritter sind dabei als solche gekennzeichnet. Die unerlaubte Vervielf\u00e4ltigung oder Weitergabe einzelner Inhalte oder kompletter Seiten ist nicht gestattet und strafbar. Lediglich die Herstellung von Kopien und Downloads f\u00fcr den pers\u00f6nlichen, privaten und nicht kommerziellen Gebrauch ist erlaubt. Links zur Website des Anbieters sind jederzeit willkommen und bed\u00fcrfen keiner Zustimmung durch den Anbieter der Website. Die Darstellung dieser Website in fremden Frames ist nur mit Erlaubnis zul\u00e4ssig.<\/p>\n<p><strong>(3) Datenschutz<\/strong><br \/>\nDiese Website benutzt Google Analytics, einen Webanalysedienst der Google Inc. (&#8222;Google&#8220;). Google Analytics verwendet sog. &#8222;Cookies&#8220;, Textdateien, die auf Ihrem Computer gespeichert werden und die eine Analyse der Benutzung der Website durch Sie erm\u00f6glichen. Die durch den Cookie erzeugten Informationen \u00fcber Ihre Benutzung dieser Website werden in der Regel an einen Server von Google in den USA \u00fcbertragen und dort gespeichert. Im Falle der Aktivierung der IP-Anonymisierung auf dieser Webseite, wird Ihre IP-Adresse von Google jedoch innerhalb von Mitgliedstaaten der Europ\u00e4ischen Union oder in anderen Vertragsstaaten des Abkommens \u00fcber den Europ\u00e4ischen Wirtschaftsraum zuvor gek\u00fcrzt. Nur in Ausnahmef\u00e4llen wird die volle IP-Adresse an einen Server von Google in den USA \u00fcbertragen und dort gek\u00fcrzt. Im Auftrag des Betreibers dieser Website wird Google diese Informationen benutzen, um Ihre Nutzung der Website auszuwerten, um Reports \u00fcber die Websiteaktivit\u00e4ten zusammenzustellen und um weitere mit der Websitenutzung und der Internetnutzung verbundene Dienstleistungen gegen\u00fcber dem Websitebetreiber zu erbringen. Die im Rahmen von Google Analytics von Ihrem Browser \u00fcbermittelte IP-Adresse wird nicht mit anderen Daten von Google zusammengef\u00fchrt.<\/p>\n<p>Sie k\u00f6nnen die Speicherung der Cookies durch eine entsprechende Einstellung Ihrer Browser-Software verhindern; wir weisen Sie jedoch darauf hin, dass Sie in diesem Fall gegebenenfalls nicht s\u00e4mtliche Funktionen dieser Website vollumf\u00e4nglich werden nutzen k\u00f6nnen. Sie k\u00f6nnen dar\u00fcber hinaus die Erfassung der durch das Cookie erzeugten und auf Ihre Nutzung der Website bezogenen Daten (inkl. Ihrer IP-Adresse) an Google sowie die Verarbeitung dieser Daten durch Google verhindern, indem sie das unter dem folgenden Link verf\u00fcgbare Browser-Plugin herunterladen und installieren Der aktuelle Link ist http:\/\/tools.google.com\/dlpage\/gaoptout?hl=de.<\/p>\n<p><strong>(4) Hinweis zu Social Plugins<\/strong><br \/>\nDiese Website verwendet Social Plugins der sozialen Netzwerke Facebook (www.facebook.com), twitter (www.twitter.com), youtube (www.youtube.com), myspace (www.myspace.com) und Google (www.google.com).<br \/>\nBetreiber sind<br \/>\nFacebook Inc., 1601 S. California Ave, Palo Alto, CA 94304, USA<br \/>\nTwitter, Inc., 1355 Market St, Suite 900, San Francisco, CA 94103, USA<br \/>\nMyspace, LLC, 407 North Maple Drive, Beverly Hills, CA 90210, USA<br \/>\nYouTube, LLC, 901 Cherry Ave, San Bruno, CA 94066, USA<br \/>\nsowie Google Inc., 1600 Amphitheatre Parkway, Mountain View, CA 94043, USA.<\/p>\n<p>Wer eine Webseite mit einem sozialen Plug-In aufruft, erm\u00f6glicht es den sozialen Netzwerken wie Facebook, youtube, twitter, myspace oder Google, verschiedene Daten zu erheben. Dazu geh\u00f6ren u.a. das Datum und die Uhrzeit des Besuchs auf der betreffenden Webseite, die Internetadresse oder URL, auf der sich der Besucher befindet sowie technische Daten \u00fcber die IP-Adresse, den verwendeten Browser und das verwendete Betriebssystem des Besuchers zudem die Nutzerkennnummer, wenn der Besucher auf Facebook, youtube, twitter. myspace oder Google eingeloggt ist. In diesem Fall kann der Betreiber den Besuch Ihrem Konto zuordnen.<\/p>\n<p>Informationen zur Datenerhebung und Nutzung entnehmen Sie bitte den Datenverwendungsrichtlinien von Facebook (www.facebook.com\/help\/?faq=17512 und www.facebook.com\/about\/privacy\/) den Datenschutzrichtlinien von Twitter (https:\/\/twitter.com\/privacy), den Datenschutzbestimmungen von Myspace (https:\/\/new.myspace.com\/pages\/privacy und http:\/\/www.myspace.com\/Help\/Privacy), den Datenschutzrichtlinien von Youtube (http:\/\/www.youtube.com\/t\/privacy_guidelines) und den Datenschutzrichtlinien von Google (www.google.com\/intl\/en\/+\/policy\/+1button.html).<\/p>\n<p><strong>(5) Anwendbares Recht<\/strong><br \/>\nEs gilt ausschlie\u00dflich das ma\u00dfgebliche Recht der Bundesrepublik Deutschland.<\/p>\n","protected":false},"excerpt":{"rendered":"<p>Verantwortlich im Sinne des \u00a7 10 MdStV: Dorothea F\u00e4rber Im Mehl 11 74635 Kupferzell webmaster@j-rock-night.de (1) Haftungsbeschr\u00e4nkung Inhalte dieser Website Die Inhalte dieser Website werden mit gr\u00f6\u00dftm\u00f6glicher Sorgfalt erstellt. Der Anbieter \u00fcbernimmt jedoch keine Gew\u00e4hr f\u00fcr die Richtigkeit, Vollst\u00e4ndigkeit und Aktualit\u00e4t der bereitgestellten Inhalte. Die Nutzung der abrufbaren Inhalte erfolgt auf eigene Gefahr des Nutzers. [&hellip;]<\/p>\n","protected":false},"author":1,"featured_media":0,"parent":0,"menu_order":11,"comment_status":"closed","ping_status":"closed","template":"","meta":[],"wppr_data":[],"_links":{"self":[{"href":"http:\/\/www.j-rock-night.de\/index.php?rest_route=\/wp\/v2\/pages\/46"}],"collection":[{"href":"http:\/\/www.j-rock-night.de\/index.php?rest_route=\/wp\/v2\/pages"}],"about":[{"href":"http:\/\/www.j-rock-night.de\/index.php?rest_route=\/wp\/v2\/types\/page"}],"author":[{"embeddable":true,"href":"http:\/\/www.j-rock-night.de\/index.php?rest_route=\/wp\/v2\/users\/1"}],"replies":[{"embeddable":true,"href":"http:\/\/www.j-rock-night.de\/index.php?rest_route=%2Fwp%2Fv2%2Fcomments&post=46"}],"version-history":[{"count":4,"href":"http:\/\/www.j-rock-night.de\/index.php?rest_route=\/wp\/v2\/pages\/46\/revisions"}],"predecessor-version":[{"id":898,"href":"http:\/\/www.j-rock-night.de\/index.php?rest_route=\/wp\/v2\/pages\/46\/revisions\/898"}],"wp:attachment":[{"href":"http:\/\/www.j-rock-night.de\/index.php?rest_route=%2Fwp%2Fv2%2Fmedia&parent=46"}],"curies":[{"name":"wp","href":"https:\/\/api.w.org\/{rel}","templated":true}]}}