{"id":5,"date":"2014-08-05T17:54:25","date_gmt":"2014-08-05T15:54:25","guid":{"rendered":"http:\/\/www.j-rock-night.de\/wordpress\/?page_id=5"},"modified":"2014-08-27T20:21:25","modified_gmt":"2014-08-27T18:21:25","slug":"info","status":"publish","type":"page","link":"http:\/\/www.j-rock-night.de\/?page_id=5","title":{"rendered":"Info"},"content":{"rendered":"<p>Das Konzert mit D:Projekt am 23. Mai 2014 findet im evangelischen Gemeindehaus (Kirchgasse 10\/1) in Kupferzell statt.<\/p>\n<p>&nbsp;<\/p>\n<h2><strong>Die J-Rock-Night:<\/strong><\/h2>\n<p>Ein Rockkonzert mit christlichen K\u00fcnstlern, das sich zum Ziel gesetzt hat, das Klischee aufzubrechen, Kirche sei nur etwas f\u00fcr Langweiler. Dabei war von Anfang an die Kooperation mit dem Jugendreferat der b\u00fcrgerlichen Gemeinde ein wichtiger Aspekt.<\/p>\n<p>Die J-Rock-Night steht f\u00fcr Musik mit Message, die Spa\u00df macht, f\u00fcr Party machen und Abgehen ohne Alkohol und Drogen.<\/p>\n<p>Das Festival feiert 2012 sein f\u00fcnfj\u00e4hriges Bestehen und findet wieder in der Carl-Julius-Weber Halle (Kulturhalle) in Kupferzell statt.<\/p>\n<p><a href=\"http:\/\/www.j-rock-night.de\/wordpress\/wp-content\/uploads\/2014\/08\/050bc3671e.jpg\"><img loading=\"lazy\" class=\"alignnone wp-image-78\" src=\"http:\/\/www.j-rock-night.de\/wordpress\/wp-content\/uploads\/2014\/08\/050bc3671e-300x150.jpg\" alt=\"OLYMPUS DIGITAL CAMERA\" width=\"599\" height=\"300\" srcset=\"http:\/\/www.j-rock-night.de\/wordpress\/wp-content\/uploads\/2014\/08\/050bc3671e-300x150.jpg 300w, http:\/\/www.j-rock-night.de\/wordpress\/wp-content\/uploads\/2014\/08\/050bc3671e.jpg 627w\" sizes=\"(max-width: 599px) 100vw, 599px\" \/><\/a><\/p>\n<h3>Kommentare von Besuchern zur J-Rock-Night &#8230;.<\/h3>\n<p>&#8220; Ja mann J-ROCK-NIGHT war sau geil =) Ich freu mich auf n\u00e4chstes Jahr &#8220;<\/p>\n<p>&#8220; Das war der Hammer! &#8220;<\/p>\n<p>&#8220; N\u00e4chstes mal wird ja richtig rie\u00dfig \ud83d\ude00 Freu mich drauf ; )&#8220;<\/p>\n","protected":false},"excerpt":{"rendered":"<p>Das Konzert mit D:Projekt am 23. Mai 2014 findet im evangelischen Gemeindehaus (Kirchgasse 10\/1) in Kupferzell statt. &nbsp; Die J-Rock-Night: Ein Rockkonzert mit christlichen K\u00fcnstlern, das sich zum Ziel gesetzt hat, das Klischee aufzubrechen, Kirche sei nur etwas f\u00fcr Langweiler. Dabei war von Anfang an die Kooperation mit dem Jugendreferat der b\u00fcrgerlichen Gemeinde ein wichtiger [&hellip;]<\/p>\n","protected":false},"author":1,"featured_media":0,"parent":0,"menu_order":2,"comment_status":"closed","ping_status":"closed","template":"","meta":[],"wppr_data":[],"_links":{"self":[{"href":"http:\/\/www.j-rock-night.de\/index.php?rest_route=\/wp\/v2\/pages\/5"}],"collection":[{"href":"http:\/\/www.j-rock-night.de\/index.php?rest_route=\/wp\/v2\/pages"}],"about":[{"href":"http:\/\/www.j-rock-night.de\/index.php?rest_route=\/wp\/v2\/types\/page"}],"author":[{"embeddable":true,"href":"http:\/\/www.j-rock-night.de\/index.php?rest_route=\/wp\/v2\/users\/1"}],"replies":[{"embeddable":true,"href":"http:\/\/www.j-rock-night.de\/index.php?rest_route=%2Fwp%2Fv2%2Fcomments&post=5"}],"version-history":[{"count":4,"href":"http:\/\/www.j-rock-night.de\/index.php?rest_route=\/wp\/v2\/pages\/5\/revisions"}],"predecessor-version":[{"id":958,"href":"http:\/\/www.j-rock-night.de\/index.php?rest_route=\/wp\/v2\/pages\/5\/revisions\/958"}],"wp:attachment":[{"href":"http:\/\/www.j-rock-night.de\/index.php?rest_route=%2Fwp%2Fv2%2Fmedia&parent=5"}],"curies":[{"name":"wp","href":"https:\/\/api.w.org\/{rel}","templated":true}]}}