{"id":7,"date":"2014-08-05T18:03:03","date_gmt":"2014-08-05T16:03:03","guid":{"rendered":"http:\/\/www.j-rock-night.de\/wordpress\/?page_id=7"},"modified":"2014-08-27T20:19:57","modified_gmt":"2014-08-27T18:19:57","slug":"bands","status":"publish","type":"page","link":"http:\/\/www.j-rock-night.de\/?page_id=7","title":{"rendered":"Bands"},"content":{"rendered":"<h1><strong>Konzert am 23. Mai 2014 mit<\/strong><\/h1>\n<h2><strong>Stilbruch<\/strong><\/h2>\n<p><a href=\"http:\/\/www.j-rock-night.de\/wordpress\/wp-content\/uploads\/2014\/08\/medien-6_0.jpg\"><img loading=\"lazy\" class=\"alignnone size-medium wp-image-80\" src=\"http:\/\/www.j-rock-night.de\/wordpress\/wp-content\/uploads\/2014\/08\/medien-6_0-300x200.jpg\" alt=\"medien-6_0\" width=\"300\" height=\"200\" srcset=\"http:\/\/www.j-rock-night.de\/wordpress\/wp-content\/uploads\/2014\/08\/medien-6_0-300x200.jpg 300w, http:\/\/www.j-rock-night.de\/wordpress\/wp-content\/uploads\/2014\/08\/medien-6_0-1024x682.jpg 1024w, http:\/\/www.j-rock-night.de\/wordpress\/wp-content\/uploads\/2014\/08\/medien-6_0.jpg 1050w\" sizes=\"(max-width: 300px) 100vw, 300px\" \/><\/a><\/p>\n<p>Akustik-Klassik-Rock, Dresden<\/p>\n<p>Stilbruchs einzigartige Mischung aus Cello, Violine, Schlagzeug und Gesang zieht die Menschen in ihren Bann. Die 3 Dresdner Musikstudenten rocken mit mitrei\u00dfender Musik und bewegenden deutschen und englischen Texten. Alles ist selbst komponiert und geschrieben. Es erwartet uns eine begeisternde B\u00fchnenpr\u00e4senz, ausgefeilte Songs, die durch k\u00fcnstlerisch hochwertige, rockige Arrangements bestechen. Eine neue Klassik &#8211; New Classic ist das Markenzeichen dieser au\u00dfergew\u00f6hnlichen Band.<\/p>\n<p><a href=\"http:\/\/objectwidth=560height=315paramname=movievalue=\/\/www.youtube.com\/v\/nTR0lcgyDdI?version=3&amp;hl=de_DE\/paramparamname=allowFullScreenvalue=true\/paramparamname=allowscriptaccessvalue=always\/paramembedsrc=\/\/www.youtube.com\/v\/nTR0lcgyDdI?version=3&amp;hl=de_DEtype=application\/x-shockwave-flashwidth=560height=315allowscriptaccess=alwaysallowfullscreen=true\/embed\/object\"><object width=\"560\" height=\"315\"><param name=\"movie\" value=\"\/\/www.youtube.com\/v\/nTR0lcgyDdI?version=3&amp;hl=de_DE\"><\/param><param name=\"allowFullScreen\" value=\"true\"><\/param><param name=\"allowscriptaccess\" value=\"always\"><\/param><embed src=\"\/\/www.youtube.com\/v\/nTR0lcgyDdI?version=3&amp;hl=de_DE\" type=\"application\/x-shockwave-flash\" width=\"560\" height=\"315\" allowscriptaccess=\"always\" allowfullscreen=\"true\"><\/embed><\/object><\/a><\/p>\n<p><a href=\"http:\/\/www.stilbruch.tv\" target=\"_blank\">www.stilbruch.tv<\/a><\/p>\n<hr \/>\n<h2><strong>D:PROJEKT<\/strong><\/h2>\n<p><a href=\"http:\/\/www.j-rock-night.de\/wordpress\/wp-content\/uploads\/2014\/08\/d-projekt20124.jpg\"><img loading=\"lazy\" class=\"alignnone wp-image-120 size-medium\" src=\"http:\/\/www.j-rock-night.de\/wordpress\/wp-content\/uploads\/2014\/08\/d-projekt20124-300x200.jpg\" alt=\"d-projekt2012\" width=\"300\" height=\"200\" srcset=\"http:\/\/www.j-rock-night.de\/wordpress\/wp-content\/uploads\/2014\/08\/d-projekt20124-300x200.jpg 300w, http:\/\/www.j-rock-night.de\/wordpress\/wp-content\/uploads\/2014\/08\/d-projekt20124.jpg 680w\" sizes=\"(max-width: 300px) 100vw, 300px\" \/><\/a><\/p>\n<p>Pop-Elektro-Akustik-Rock, Dresden<\/p>\n<p>D:PROJEKT \u2013 von leidenschaftlichem Akustik-Pop bis alternativem Rock mit deutschen Texten. Ein Klangfeld aus unwiderstehlichen Grooves von Bass und Drums, Keyboardsph\u00e4ren von Elektro- bis Retro-Kl\u00e4ngen, akustischen Streichern und begeisternden Gitarrenriffs!<\/p>\n<p>Im M\u00e4rz 2007 erschien ihr Deb\u00fctalbum \u201eD:PROJEKT\u201c, Ende 2008 der Nachfolger \u201eSofakosmos\u201c und jetzt brandaktuell ist der dritte Silberling am Start. Eines ihrer neuesten Werke bezeichnen sie als DiscoRockTanz&#8217;nRoll: &#8222;Nimm die ganze Welt&#8220; &#8211; da steht kein Tanzbein still!<\/p>\n<p><a href=\"http:\/\/objectwidth=420height=315paramname=movievalue=\/\/www.youtube.com\/v\/riaX4JPMBzY?hl=de_DE&amp;version=3\/paramparamname=allowFullScreenvalue=true\/paramparamname=allowscriptaccessvalue=always\/paramembedsrc=\/\/www.youtube.com\/v\/riaX4JPMBzY?hl=de_DE&amp;version=3type=application\/x-shockwave-flashwidth=420height=315allowscriptaccess=alwaysallowfullscreen=true\/embed\/object\"><object width=\"420\" height=\"315\"><param name=\"movie\" value=\"\/\/www.youtube.com\/v\/riaX4JPMBzY?hl=de_DE&amp;version=3\"><\/param><param name=\"allowFullScreen\" value=\"true\"><\/param><param name=\"allowscriptaccess\" value=\"always\"><\/param><embed src=\"\/\/www.youtube.com\/v\/riaX4JPMBzY?hl=de_DE&amp;version=3\" type=\"application\/x-shockwave-flash\" width=\"420\" height=\"315\" allowscriptaccess=\"always\" allowfullscreen=\"true\"><\/embed><\/object><\/a><\/p>\n<p><a href=\"http:\/\/www.d-projekt.com\" target=\"_blank\">www.d-projekt.com<\/a><\/p>\n<hr \/>\n<h1><strong>J-Rock-Night 2012<\/strong><\/h1>\n<p>&nbsp;<\/p>\n<h2><strong> MAKE UP YOUR MIND<\/strong><\/h2>\n<p><a href=\"http:\/\/www.j-rock-night.de\/wordpress\/wp-content\/uploads\/2014\/08\/MUYM-Live.jpg\"><img loading=\"lazy\" class=\"alignnone size-medium wp-image-87\" src=\"http:\/\/www.j-rock-night.de\/wordpress\/wp-content\/uploads\/2014\/08\/MUYM-Live-300x160.jpg\" alt=\"MUYM Live\" width=\"300\" height=\"160\" srcset=\"http:\/\/www.j-rock-night.de\/wordpress\/wp-content\/uploads\/2014\/08\/MUYM-Live-300x160.jpg 300w, http:\/\/www.j-rock-night.de\/wordpress\/wp-content\/uploads\/2014\/08\/MUYM-Live.jpg 350w\" sizes=\"(max-width: 300px) 100vw, 300px\" \/><\/a><\/p>\n<p class=\"Stil1\">Ska-Punk-Party Sound, Niederlande<\/p>\n<p>It ain&#8217;t ska, it&#8217;s not swing, neither rock nor dixie&#8230;&#8230; Its just PARTY TIME!<br \/>\nWith their raving guitars, grooving beats, catchy energetic horns and a lead singer who&#8217;s hard to follow while jumping around the stage, Make up your mind is a guarantee to get every party started.<\/p>\n<p class=\"Stil1\"><a href=\"http:\/\/www.makeupyourmind.nl\/news\" target=\"_blank\">www.makeupyourmind.nl<\/a><\/p>\n<h2 class=\"Stil1\"><strong> SACRETY <\/strong><\/h2>\n<p class=\"Stil1\"><a href=\"http:\/\/www.j-rock-night.de\/wordpress\/wp-content\/uploads\/2014\/08\/BRF18_Sacrety.jpg\"><img loading=\"lazy\" class=\"alignnone size-medium wp-image-85\" src=\"http:\/\/www.j-rock-night.de\/wordpress\/wp-content\/uploads\/2014\/08\/BRF18_Sacrety-300x199.jpg\" alt=\"BRF18_Sacrety\" width=\"300\" height=\"199\" srcset=\"http:\/\/www.j-rock-night.de\/wordpress\/wp-content\/uploads\/2014\/08\/BRF18_Sacrety-300x199.jpg 300w, http:\/\/www.j-rock-night.de\/wordpress\/wp-content\/uploads\/2014\/08\/BRF18_Sacrety.jpg 350w\" sizes=\"(max-width: 300px) 100vw, 300px\" \/><\/a><\/p>\n<p><span class=\"Stil1\">Elektro-Rock-Core, Oberndorf am Neckar<br \/>\n<\/span><\/p>\n<p class=\"Stil1\">Eine Band wie eine moderne Metropole \u2013 mal laut pulsierend, voll unb\u00e4ndiger Energie, dann wieder leise und fast melancholisch: Sacrety aus Oberndorf am Neckar kreieren aus New Metal, Hardcore und elektronischen Elementen ihren unverwechselbaren Stil. \u00dcber 3500 Facebook-Freunde sind begeistert vom Elektro Rockcore der f\u00fcnf Schwaben und ihrer Message, die sie am liebsten an jeden Wolkenkratzer heften w\u00fcrden: dass es ein Ziel gibt, einen Sinn, eine Hoffnung, die niemals stirbt sondern alles B\u00f6se mit Gutem \u00fcberwindet. Noch pr\u00e4senter im neuen Longplayer: <em>Alive<\/em>.<\/p>\n<p><a href=\"http:\/\/www.sacrety.de\" target=\"_blank\">www.sacrety.de<\/a><br \/>\n<a href=\"http:\/\/www.myspace.com\/sacretyrocks\" target=\"_blank\">www.myspace.com\/sacretyrocks<\/a><\/p>\n<p>&nbsp;<\/p>\n<h2><strong> D:PROJEKT <\/strong><\/h2>\n<p><a href=\"http:\/\/www.j-rock-night.de\/wordpress\/wp-content\/uploads\/2014\/08\/d-projekt20124.jpg\"><img loading=\"lazy\" class=\"alignnone size-medium wp-image-120\" src=\"http:\/\/www.j-rock-night.de\/wordpress\/wp-content\/uploads\/2014\/08\/d-projekt20124-300x200.jpg\" alt=\"d-projekt2012\" width=\"300\" height=\"200\" srcset=\"http:\/\/www.j-rock-night.de\/wordpress\/wp-content\/uploads\/2014\/08\/d-projekt20124-300x200.jpg 300w, http:\/\/www.j-rock-night.de\/wordpress\/wp-content\/uploads\/2014\/08\/d-projekt20124.jpg 680w\" sizes=\"(max-width: 300px) 100vw, 300px\" \/><\/a><\/p>\n<p>Pop-Elektro-Akustik-Rock, Dresden<\/p>\n<p>D:PROJEKT \u2013 von leidenschaftlichem Akustik-Pop bis alternativem Rock mit deutschen Texten. Ein Klangfeld aus unwiderstehlichen Grooves von Bass und Drums, Keyboardsph\u00e4ren von Elektro- bis Retro-Kl\u00e4ngen, akustischen Streichern und begeisternden Gitarrenriffs!<\/p>\n<p>Im M\u00e4rz 2007 erschien ihr Deb\u00fctalbum \u201eD:PROJEKT\u201c, Ende 2008 der Nachfolger \u201eSofakosmos\u201c und jetzt brandaktuell ist der dritte Silberling am Start. Eines ihrer neuesten Werke bezeichnen sie als DiscoRockTanz&#8217;nRoll: &#8222;Nimm die ganze Welt&#8220; &#8211; da steht kein Tanzbein still!<\/p>\n<p class=\"bodyText\"><a href=\"http:\/\/www.d-projekt.com\/\" target=\"_blank\">www.d-projekt.com<\/a><\/p>\n<h2 class=\"bodyText\"><strong> MINORITY <\/strong><\/h2>\n<p class=\"bodyText\"><a href=\"http:\/\/www.j-rock-night.de\/wordpress\/wp-content\/uploads\/2014\/08\/minority.jpg\"><img loading=\"lazy\" class=\"alignnone size-medium wp-image-89\" src=\"http:\/\/www.j-rock-night.de\/wordpress\/wp-content\/uploads\/2014\/08\/minority-300x199.jpg\" alt=\"minority\" width=\"300\" height=\"199\" srcset=\"http:\/\/www.j-rock-night.de\/wordpress\/wp-content\/uploads\/2014\/08\/minority-300x199.jpg 300w, http:\/\/www.j-rock-night.de\/wordpress\/wp-content\/uploads\/2014\/08\/minority.jpg 350w\" sizes=\"(max-width: 300px) 100vw, 300px\" \/><\/a><\/p>\n<p class=\"Stil1\">Hardcore, Punk, Rock, K\u00fcnzelsau<\/p>\n<p class=\"Stil1\">Mit neuer EP im Gep\u00e4ck und voller Vorfreude st\u00fcrmen die Jungs aus dem Kochertal die B\u00fchne und rocken die Bretter. Und das ist erst der Auftakt&#8230;<\/p>\n<p class=\"Stil1\"><a href=\"http:\/\/www.minority-band.de\/\" target=\"_blank\">www.minority-band.de<\/a><\/p>\n<h2 class=\"Stil1\"><strong>AFTER-SHOW-PARTY mit Crosschannel.de<\/strong><\/h2>\n<p class=\"Stil1\"><a href=\"http:\/\/www.j-rock-night.de\/wordpress\/wp-content\/uploads\/2014\/08\/crosschannel.png\"><img loading=\"lazy\" class=\"alignnone size-medium wp-image-90\" src=\"http:\/\/www.j-rock-night.de\/wordpress\/wp-content\/uploads\/2014\/08\/crosschannel-300x282.png\" alt=\"crosschannel\" width=\"300\" height=\"282\" srcset=\"http:\/\/www.j-rock-night.de\/wordpress\/wp-content\/uploads\/2014\/08\/crosschannel-300x282.png 300w, http:\/\/www.j-rock-night.de\/wordpress\/wp-content\/uploads\/2014\/08\/crosschannel.png 444w\" sizes=\"(max-width: 300px) 100vw, 300px\" \/><\/a><\/p>\n<p class=\"Stil1\">Die Rampensau von Crosschannel Stefan &#8222;Steveo&#8220; Petersen und Chef Tobias &#8222;Eckisuf&#8220; Schuffenhauer sind mit von der Partie und werden eure Lieblingssongs auflegen. Denn nach den Livebands geht die Party erst richtig los und eure Musikw\u00fcnsche in Erf\u00fcllung.<\/p>\n<p class=\"Stil1\"><a href=\"http:\/\/www.crosschannel.de\" target=\"_blank\">www.crosschannel.de<\/a><\/p>\n","protected":false},"excerpt":{"rendered":"<p>Konzert am 23. Mai 2014 mit Stilbruch Akustik-Klassik-Rock, Dresden Stilbruchs einzigartige Mischung aus Cello, Violine, Schlagzeug und Gesang zieht die Menschen in ihren Bann. Die 3 Dresdner Musikstudenten rocken mit mitrei\u00dfender Musik und bewegenden deutschen und englischen Texten. Alles ist selbst komponiert und geschrieben. Es erwartet uns eine begeisternde B\u00fchnenpr\u00e4senz, ausgefeilte Songs, die durch k\u00fcnstlerisch [&hellip;]<\/p>\n","protected":false},"author":1,"featured_media":0,"parent":0,"menu_order":3,"comment_status":"closed","ping_status":"closed","template":"","meta":[],"wppr_data":[],"_links":{"self":[{"href":"http:\/\/www.j-rock-night.de\/index.php?rest_route=\/wp\/v2\/pages\/7"}],"collection":[{"href":"http:\/\/www.j-rock-night.de\/index.php?rest_route=\/wp\/v2\/pages"}],"about":[{"href":"http:\/\/www.j-rock-night.de\/index.php?rest_route=\/wp\/v2\/types\/page"}],"author":[{"embeddable":true,"href":"http:\/\/www.j-rock-night.de\/index.php?rest_route=\/wp\/v2\/users\/1"}],"replies":[{"embeddable":true,"href":"http:\/\/www.j-rock-night.de\/index.php?rest_route=%2Fwp%2Fv2%2Fcomments&post=7"}],"version-history":[{"count":7,"href":"http:\/\/www.j-rock-night.de\/index.php?rest_route=\/wp\/v2\/pages\/7\/revisions"}],"predecessor-version":[{"id":957,"href":"http:\/\/www.j-rock-night.de\/index.php?rest_route=\/wp\/v2\/pages\/7\/revisions\/957"}],"wp:attachment":[{"href":"http:\/\/www.j-rock-night.de\/index.php?rest_route=%2Fwp%2Fv2%2Fmedia&parent=7"}],"curies":[{"name":"wp","href":"https:\/\/api.w.org\/{rel}","templated":true}]}}