{"id":9,"date":"2014-08-05T18:03:44","date_gmt":"2014-08-05T16:03:44","guid":{"rendered":"http:\/\/www.j-rock-night.de\/wordpress\/?page_id=9"},"modified":"2014-08-28T17:26:19","modified_gmt":"2014-08-28T15:26:19","slug":"tickets","status":"publish","type":"page","link":"http:\/\/www.j-rock-night.de\/?page_id=9","title":{"rendered":"Tickets"},"content":{"rendered":"<h3>Mit dem Kauf eines Tickets willigst du in die <a href=\"http:\/\/www.j-rock-night.de\/wordpress\/wp-content\/uploads\/2014\/08\/AGB.pdf\">AGB<\/a>\u00a0der J-Rock-Night ein.<\/h3>\n<p>&nbsp;<\/p>\n<hr \/>\n<p>F\u00fcr das Konzert am 23. Mai 2014 gibt es keinen Vorverkauf, die Tickets kosten an der Abendkasse 7 Euro, solange der Vorrat reicht.<\/p>\n<hr \/>\n<p>&nbsp;<\/p>\n<h2><strong>Jugendschutzgesetz<\/strong><\/h2>\n<p>Hier noch einige Infos an diejenigen unter euch, die noch nicht 18 Jahre alt sind&#8230;<\/p>\n<p>&#8230; im Jugendschutzgesetz ist geregelt&#8230;.<\/p>\n<p>&#8222;Die Anwesenheit bei \u00f6ffentlichen Tanzveranstaltungen ohne Begleitung einer<br \/>\npersonensorgeberechtigten oder erziehungsbeauftragten Person darf <strong>Kindern und Jugendlichen unter 16 Jahren nicht<\/strong> und <strong>Jugendlichen ab 16 Jahren l\u00e4ngstens bis 24 Uhr<\/strong> gestattet werden.&#8220;<\/p>\n<p>nachzulesen unter <a href=\"http:\/\/www.bmfsfj.de\/BMFSFJ\/gesetze,did=5350.html\" target=\"_blank\">Bundesministerium f\u00fcr Jugend<\/a> im Jugendschutzgesetz (JuSchG) unter \u00a7 5 Tanzveranstaltungen<\/p>\n<hr \/>\n<p>Au\u00dferhalb dieser Regelungen solltet ihr die folgende <strong><a href=\"http:\/\/www.j-rock-night.de\/wordpress\/wp-content\/uploads\/2014\/08\/Jugendschutzvereinbarung.pdf\">Erkl\u00e4rung<\/a><\/strong>\u00a0von euren Eltern und einer erziehungsberechtigten Person (muss 18 Jahre oder \u00e4lter sein), die euch zur J-Rock-Night begleitet, ausf\u00fcllen lassen und mitbringen, sowie wenn n\u00f6tig vorzeigen k\u00f6nnen.<\/p>\n","protected":false},"excerpt":{"rendered":"<p>Mit dem Kauf eines Tickets willigst du in die AGB\u00a0der J-Rock-Night ein. &nbsp; F\u00fcr das Konzert am 23. Mai 2014 gibt es keinen Vorverkauf, die Tickets kosten an der Abendkasse 7 Euro, solange der Vorrat reicht. &nbsp; Jugendschutzgesetz Hier noch einige Infos an diejenigen unter euch, die noch nicht 18 Jahre alt sind&#8230; &#8230; im [&hellip;]<\/p>\n","protected":false},"author":1,"featured_media":0,"parent":0,"menu_order":4,"comment_status":"closed","ping_status":"closed","template":"","meta":[],"wppr_data":[],"_links":{"self":[{"href":"http:\/\/www.j-rock-night.de\/index.php?rest_route=\/wp\/v2\/pages\/9"}],"collection":[{"href":"http:\/\/www.j-rock-night.de\/index.php?rest_route=\/wp\/v2\/pages"}],"about":[{"href":"http:\/\/www.j-rock-night.de\/index.php?rest_route=\/wp\/v2\/types\/page"}],"author":[{"embeddable":true,"href":"http:\/\/www.j-rock-night.de\/index.php?rest_route=\/wp\/v2\/users\/1"}],"replies":[{"embeddable":true,"href":"http:\/\/www.j-rock-night.de\/index.php?rest_route=%2Fwp%2Fv2%2Fcomments&post=9"}],"version-history":[{"count":5,"href":"http:\/\/www.j-rock-night.de\/index.php?rest_route=\/wp\/v2\/pages\/9\/revisions"}],"predecessor-version":[{"id":966,"href":"http:\/\/www.j-rock-night.de\/index.php?rest_route=\/wp\/v2\/pages\/9\/revisions\/966"}],"wp:attachment":[{"href":"http:\/\/www.j-rock-night.de\/index.php?rest_route=%2Fwp%2Fv2%2Fmedia&parent=9"}],"curies":[{"name":"wp","href":"https:\/\/api.w.org\/{rel}","templated":true}]}}